{"id":251,"date":"2017-07-30T23:29:52","date_gmt":"2017-07-30T21:29:52","guid":{"rendered":"http:\/\/www.finnpneumatic.com\/galerija\/"},"modified":"2017-08-08T14:19:22","modified_gmt":"2017-08-08T12:19:22","slug":"gallery","status":"publish","type":"page","link":"https:\/\/www.finnpneumatic.com\/en\/gallery\/","title":{"rendered":"Gallery"},"content":{"rendered":"<div class=\"fusion-fullwidth fullwidth-box fusion-builder-row-1 nonhundred-percent-fullwidth non-hundred-percent-height-scrolling\" style=\"--awb-border-radius-top-left:0px;--awb-border-radius-top-right:0px;--awb-border-radius-bottom-right:0px;--awb-border-radius-bottom-left:0px;--awb-flex-wrap:wrap;\" ><div class=\"fusion-builder-row fusion-row\"><div class=\"fusion-layout-column fusion_builder_column fusion-builder-column-0 fusion_builder_column_1_1 1_1 fusion-one-full fusion-column-first fusion-column-last\" style=\"--awb-bg-size:cover;--awb-margin-bottom:0px;\"><div class=\"fusion-column-wrapper fusion-flex-column-wrapper-legacy\"><div class=\"fusion-text fusion-text-1\"><div id=\"jig1\" class=\"justified-image-grid jig-d0473f2720422720bdd258998403bb66 jig-preset-global jig-source-nextgen\"><div class=\"jig-clearfix\"><\/div><noscript id=\"jig1-html\" class=\"justified-image-grid-html\" data-lazy-src=\"skiplazyload\" data-src=\"skipunveillazyload\"><ul><li><a href=\"https:\/\/www.finnpneumatic.com\/wp-content\/gallery\/galerija\/DSCN0443.jpg\" title=\"DSCN0443\"><img decoding=\"async\" src=\"https:\/\/www.finnpneumatic.com\/wp-content\/plugins\/justified-image-grid\/timthumb.php?src=https%3A%2F%2Fwww.finnpneumatic.com%2Fwp-content%2Fgallery%2Fgalerija%2FDSCN0443.jpg&amp;h=230&amp;q=90&amp;f=.jpg\" alt=\"DSCN0443\" width=\"306\" height=\"230\" \/><\/a><p class=\"jig-HTMLdescription\">DSCN0443<\/p><\/li><li><a href=\"https:\/\/www.finnpneumatic.com\/wp-content\/gallery\/galerija\/27112012496.jpg\" title=\"27112012496\"><img decoding=\"async\" src=\"https:\/\/www.finnpneumatic.com\/wp-content\/plugins\/justified-image-grid\/timthumb.php?src=https%3A%2F%2Fwww.finnpneumatic.com%2Fwp-content%2Fgallery%2Fgalerija%2F27112012496.jpg&amp;h=230&amp;q=90&amp;f=.jpg\" alt=\"27112012496\" width=\"306\" height=\"230\" \/><\/a><p class=\"jig-HTMLdescription\">27112012496<\/p><\/li><li><a href=\"https:\/\/www.finnpneumatic.com\/wp-content\/gallery\/galerija\/27112012498.jpg\" title=\"27112012498\"><img decoding=\"async\" src=\"https:\/\/www.finnpneumatic.com\/wp-content\/plugins\/justified-image-grid\/timthumb.php?src=https%3A%2F%2Fwww.finnpneumatic.com%2Fwp-content%2Fgallery%2Fgalerija%2F27112012498.jpg&amp;h=230&amp;q=90&amp;f=.jpg\" alt=\"27112012498\" width=\"306\" height=\"230\" \/><\/a><p class=\"jig-HTMLdescription\">27112012498<\/p><\/li><li><a href=\"https:\/\/www.finnpneumatic.com\/wp-content\/gallery\/galerija\/27112012518.jpg\" title=\"27112012518\"><img decoding=\"async\" src=\"https:\/\/www.finnpneumatic.com\/wp-content\/plugins\/justified-image-grid\/timthumb.php?src=https%3A%2F%2Fwww.finnpneumatic.com%2Fwp-content%2Fgallery%2Fgalerija%2F27112012518.jpg&amp;h=230&amp;q=90&amp;f=.jpg\" alt=\"27112012518\" width=\"306\" height=\"230\" \/><\/a><p class=\"jig-HTMLdescription\">27112012518<\/p><\/li><li><a href=\"https:\/\/www.finnpneumatic.com\/wp-content\/gallery\/galerija\/centralno-\u010di\u0161\u0107enje.jpg\"><img decoding=\"async\" src=\"https:\/\/www.finnpneumatic.com\/wp-content\/plugins\/justified-image-grid\/timthumb.php?src=https%3A%2F%2Fwww.finnpneumatic.com%2Fwp-content%2Fgallery%2Fgalerija%2Fcentralno-%C4%8Di%C5%A1%C4%87enje.jpg&amp;h=230&amp;q=90&amp;f=.jpg\" alt=\"centralno \u010di\u0161\u0107enje\" width=\"331\" height=\"230\" \/><\/a><p class=\"jig-HTMLdescription\">centralno \u010di\u0161\u0107enje<\/p><\/li><li><a href=\"https:\/\/www.finnpneumatic.com\/wp-content\/gallery\/galerija\/cikloni.jpg\" title=\"cikloni\"><img decoding=\"async\" src=\"https:\/\/www.finnpneumatic.com\/wp-content\/plugins\/justified-image-grid\/timthumb.php?src=https%3A%2F%2Fwww.finnpneumatic.com%2Fwp-content%2Fgallery%2Fgalerija%2Fcikloni.jpg&amp;h=230&amp;q=90&amp;f=.jpg\" alt=\"cikloni\" width=\"306\" height=\"230\" \/><\/a><p class=\"jig-HTMLdescription\">cikloni<\/p><\/li><li><a href=\"https:\/\/www.finnpneumatic.com\/wp-content\/gallery\/galerija\/DSCN0344.jpg\" title=\"DSCN0344\"><img decoding=\"async\" src=\"https:\/\/www.finnpneumatic.com\/wp-content\/plugins\/justified-image-grid\/timthumb.php?src=https%3A%2F%2Fwww.finnpneumatic.com%2Fwp-content%2Fgallery%2Fgalerija%2FDSCN0344.jpg&amp;h=230&amp;q=90&amp;f=.jpg\" alt=\"DSCN0344\" width=\"306\" height=\"230\" \/><\/a><p class=\"jig-HTMLdescription\">DSCN0344<\/p><\/li><li><a href=\"https:\/\/www.finnpneumatic.com\/wp-content\/gallery\/galerija\/DSCN0364.jpg\" title=\"DSCN0364\"><img decoding=\"async\" src=\"https:\/\/www.finnpneumatic.com\/wp-content\/plugins\/justified-image-grid\/timthumb.php?src=https%3A%2F%2Fwww.finnpneumatic.com%2Fwp-content%2Fgallery%2Fgalerija%2FDSCN0364.jpg&amp;h=230&amp;q=90&amp;f=.jpg\" alt=\"DSCN0364\" width=\"306\" height=\"230\" \/><\/a><p class=\"jig-HTMLdescription\">DSCN0364<\/p><\/li><li><a href=\"https:\/\/www.finnpneumatic.com\/wp-content\/gallery\/galerija\/DSCN0397.jpg\" title=\"DSCN0397\"><img decoding=\"async\" src=\"https:\/\/www.finnpneumatic.com\/wp-content\/plugins\/justified-image-grid\/timthumb.php?src=https%3A%2F%2Fwww.finnpneumatic.com%2Fwp-content%2Fgallery%2Fgalerija%2FDSCN0397.jpg&amp;h=230&amp;q=90&amp;f=.jpg\" alt=\"DSCN0397\" width=\"306\" height=\"230\" \/><\/a><p class=\"jig-HTMLdescription\">DSCN0397<\/p><\/li><li><a href=\"https:\/\/www.finnpneumatic.com\/wp-content\/gallery\/galerija\/DSCN0403.jpg\" title=\"DSCN0403\"><img decoding=\"async\" src=\"https:\/\/www.finnpneumatic.com\/wp-content\/plugins\/justified-image-grid\/timthumb.php?src=https%3A%2F%2Fwww.finnpneumatic.com%2Fwp-content%2Fgallery%2Fgalerija%2FDSCN0403.jpg&amp;h=230&amp;q=90&amp;f=.jpg\" alt=\"DSCN0403\" width=\"306\" height=\"230\" \/><\/a><p class=\"jig-HTMLdescription\">DSCN0403<\/p><\/li><li><a href=\"https:\/\/www.finnpneumatic.com\/wp-content\/gallery\/galerija\/DSCN0407.jpg\" title=\"DSCN0407\"><img decoding=\"async\" src=\"https:\/\/www.finnpneumatic.com\/wp-content\/plugins\/justified-image-grid\/timthumb.php?src=https%3A%2F%2Fwww.finnpneumatic.com%2Fwp-content%2Fgallery%2Fgalerija%2FDSCN0407.jpg&amp;h=230&amp;q=90&amp;f=.jpg\" alt=\"DSCN0407\" width=\"306\" height=\"230\" \/><\/a><p class=\"jig-HTMLdescription\">DSCN0407<\/p><\/li><li><a href=\"https:\/\/www.finnpneumatic.com\/wp-content\/gallery\/galerija\/DSCN0436.jpg\" title=\"DSCN0436\"><img decoding=\"async\" src=\"https:\/\/www.finnpneumatic.com\/wp-content\/plugins\/justified-image-grid\/timthumb.php?src=https%3A%2F%2Fwww.finnpneumatic.com%2Fwp-content%2Fgallery%2Fgalerija%2FDSCN0436.jpg&amp;h=230&amp;q=90&amp;f=.jpg\" alt=\"DSCN0436\" width=\"306\" height=\"230\" \/><\/a><p class=\"jig-HTMLdescription\">DSCN0436<\/p><\/li><li><a href=\"https:\/\/www.finnpneumatic.com\/wp-content\/gallery\/galerija\/IMG_0114.jpg\" title=\"IMG_0114\"><img decoding=\"async\" src=\"https:\/\/www.finnpneumatic.com\/wp-content\/plugins\/justified-image-grid\/timthumb.php?src=https%3A%2F%2Fwww.finnpneumatic.com%2Fwp-content%2Fgallery%2Fgalerija%2FIMG_0114.jpg&amp;h=230&amp;q=90&amp;f=.jpg\" alt=\"IMG_0114\" width=\"172\" height=\"230\" \/><\/a><p class=\"jig-HTMLdescription\">IMG_0114<\/p><\/li><li><a href=\"https:\/\/www.finnpneumatic.com\/wp-content\/gallery\/galerija\/IMG_0117.jpg\" title=\"IMG_0117\"><img decoding=\"async\" src=\"https:\/\/www.finnpneumatic.com\/wp-content\/plugins\/justified-image-grid\/timthumb.php?src=https%3A%2F%2Fwww.finnpneumatic.com%2Fwp-content%2Fgallery%2Fgalerija%2FIMG_0117.jpg&amp;h=230&amp;q=90&amp;f=.jpg\" alt=\"IMG_0117\" width=\"306\" height=\"230\" \/><\/a><p class=\"jig-HTMLdescription\">IMG_0117<\/p><\/li><li><a href=\"https:\/\/www.finnpneumatic.com\/wp-content\/gallery\/galerija\/IMG_0144.jpg\" title=\"IMG_0144\"><img decoding=\"async\" src=\"https:\/\/www.finnpneumatic.com\/wp-content\/plugins\/justified-image-grid\/timthumb.php?src=https%3A%2F%2Fwww.finnpneumatic.com%2Fwp-content%2Fgallery%2Fgalerija%2FIMG_0144.jpg&amp;h=230&amp;q=90&amp;f=.jpg\" alt=\"IMG_0144\" width=\"306\" height=\"230\" \/><\/a><p class=\"jig-HTMLdescription\">IMG_0144<\/p><\/li><li><a href=\"https:\/\/www.finnpneumatic.com\/wp-content\/gallery\/galerija\/IMG_0208.jpg\" title=\"IMG_0208\"><img decoding=\"async\" src=\"https:\/\/www.finnpneumatic.com\/wp-content\/plugins\/justified-image-grid\/timthumb.php?src=https%3A%2F%2Fwww.finnpneumatic.com%2Fwp-content%2Fgallery%2Fgalerija%2FIMG_0208.jpg&amp;h=230&amp;q=90&amp;f=.jpg\" alt=\"IMG_0208\" width=\"306\" height=\"230\" \/><\/a><p class=\"jig-HTMLdescription\">IMG_0208<\/p><\/li><li><a href=\"https:\/\/www.finnpneumatic.com\/wp-content\/gallery\/galerija\/IMG_0216.jpg\" title=\"IMG_0216\"><img decoding=\"async\" src=\"https:\/\/www.finnpneumatic.com\/wp-content\/plugins\/justified-image-grid\/timthumb.php?src=https%3A%2F%2Fwww.finnpneumatic.com%2Fwp-content%2Fgallery%2Fgalerija%2FIMG_0216.jpg&amp;h=230&amp;q=90&amp;f=.jpg\" alt=\"IMG_0216\" width=\"306\" height=\"230\" \/><\/a><p class=\"jig-HTMLdescription\">IMG_0216<\/p><\/li><li><a href=\"https:\/\/www.finnpneumatic.com\/wp-content\/gallery\/galerija\/IMG_0982.jpg\" title=\"IMG_0982\"><img decoding=\"async\" src=\"https:\/\/www.finnpneumatic.com\/wp-content\/plugins\/justified-image-grid\/timthumb.php?src=https%3A%2F%2Fwww.finnpneumatic.com%2Fwp-content%2Fgallery%2Fgalerija%2FIMG_0982.jpg&amp;h=230&amp;q=90&amp;f=.jpg\" alt=\"IMG_0982\" width=\"306\" height=\"230\" \/><\/a><p class=\"jig-HTMLdescription\">IMG_0982<\/p><\/li><li><a href=\"https:\/\/www.finnpneumatic.com\/wp-content\/gallery\/galerija\/IMG_0998.jpg\" title=\"IMG_0998\"><img decoding=\"async\" src=\"https:\/\/www.finnpneumatic.com\/wp-content\/plugins\/justified-image-grid\/timthumb.php?src=https%3A%2F%2Fwww.finnpneumatic.com%2Fwp-content%2Fgallery%2Fgalerija%2FIMG_0998.jpg&amp;h=230&amp;q=90&amp;f=.jpg\" alt=\"IMG_0998\" width=\"306\" height=\"230\" \/><\/a><p class=\"jig-HTMLdescription\">IMG_0998<\/p><\/li><li><a href=\"https:\/\/www.finnpneumatic.com\/wp-content\/gallery\/galerija\/IMG_1016.jpg\" title=\"IMG_1016\"><img decoding=\"async\" src=\"https:\/\/www.finnpneumatic.com\/wp-content\/plugins\/justified-image-grid\/timthumb.php?src=https%3A%2F%2Fwww.finnpneumatic.com%2Fwp-content%2Fgallery%2Fgalerija%2FIMG_1016.jpg&amp;h=230&amp;q=90&amp;f=.jpg\" alt=\"IMG_1016\" width=\"306\" height=\"230\" \/><\/a><p class=\"jig-HTMLdescription\">IMG_1016<\/p><\/li><li><a href=\"https:\/\/www.finnpneumatic.com\/wp-content\/gallery\/galerija\/IMG_1026.jpg\" title=\"IMG_1026\"><img decoding=\"async\" src=\"https:\/\/www.finnpneumatic.com\/wp-content\/plugins\/justified-image-grid\/timthumb.php?src=https%3A%2F%2Fwww.finnpneumatic.com%2Fwp-content%2Fgallery%2Fgalerija%2FIMG_1026.jpg&amp;h=230&amp;q=90&amp;f=.jpg\" alt=\"IMG_1026\" width=\"172\" height=\"230\" \/><\/a><p class=\"jig-HTMLdescription\">IMG_1026<\/p><\/li><li><a href=\"https:\/\/www.finnpneumatic.com\/wp-content\/gallery\/galerija\/IMG_1028.jpg\" title=\"IMG_1028\"><img decoding=\"async\" src=\"https:\/\/www.finnpneumatic.com\/wp-content\/plugins\/justified-image-grid\/timthumb.php?src=https%3A%2F%2Fwww.finnpneumatic.com%2Fwp-content%2Fgallery%2Fgalerija%2FIMG_1028.jpg&amp;h=230&amp;q=90&amp;f=.jpg\" alt=\"IMG_1028\" width=\"172\" height=\"230\" \/><\/a><p class=\"jig-HTMLdescription\">IMG_1028<\/p><\/li><li><a href=\"https:\/\/www.finnpneumatic.com\/wp-content\/gallery\/galerija\/IMG_1040.jpg\" title=\"IMG_1040\"><img decoding=\"async\" src=\"https:\/\/www.finnpneumatic.com\/wp-content\/plugins\/justified-image-grid\/timthumb.php?src=https%3A%2F%2Fwww.finnpneumatic.com%2Fwp-content%2Fgallery%2Fgalerija%2FIMG_1040.jpg&amp;h=230&amp;q=90&amp;f=.jpg\" alt=\"IMG_1040\" width=\"172\" height=\"230\" \/><\/a><p class=\"jig-HTMLdescription\">IMG_1040<\/p><\/li><li><a href=\"https:\/\/www.finnpneumatic.com\/wp-content\/gallery\/galerija\/P1070540.jpg\" title=\"P1070540\"><img decoding=\"async\" src=\"https:\/\/www.finnpneumatic.com\/wp-content\/plugins\/justified-image-grid\/timthumb.php?src=https%3A%2F%2Fwww.finnpneumatic.com%2Fwp-content%2Fgallery%2Fgalerija%2FP1070540.jpg&amp;h=230&amp;q=90&amp;f=.jpg\" alt=\"P1070540\" width=\"344\" height=\"230\" \/><\/a><p class=\"jig-HTMLdescription\">P1070540<\/p><\/li><li><a href=\"https:\/\/www.finnpneumatic.com\/wp-content\/gallery\/galerija\/skruber.jpg\" title=\"skruber\"><img decoding=\"async\" src=\"https:\/\/www.finnpneumatic.com\/wp-content\/plugins\/justified-image-grid\/timthumb.php?src=https%3A%2F%2Fwww.finnpneumatic.com%2Fwp-content%2Fgallery%2Fgalerija%2Fskruber.jpg&amp;h=230&amp;q=90&amp;f=.jpg\" alt=\"skruber\" width=\"172\" height=\"230\" \/><\/a><p class=\"jig-HTMLdescription\">skruber<\/p><\/li><li><a href=\"https:\/\/www.finnpneumatic.com\/wp-content\/gallery\/galerija\/ventil-s-protivtegom.jpg\"><img decoding=\"async\" src=\"https:\/\/www.finnpneumatic.com\/wp-content\/plugins\/justified-image-grid\/timthumb.php?src=https%3A%2F%2Fwww.finnpneumatic.com%2Fwp-content%2Fgallery%2Fgalerija%2Fventil-s-protivtegom.jpg&amp;h=230&amp;q=90&amp;f=.jpg\" alt=\"ventil s protivtegom\" width=\"172\" height=\"230\" \/><\/a><p class=\"jig-HTMLdescription\">ventil s protivtegom<\/p><\/li><li><a href=\"https:\/\/www.finnpneumatic.com\/wp-content\/gallery\/galerija\/istovar.jpg\" title=\"istovar\"><img decoding=\"async\" src=\"https:\/\/www.finnpneumatic.com\/wp-content\/plugins\/justified-image-grid\/timthumb.php?src=https%3A%2F%2Fwww.finnpneumatic.com%2Fwp-content%2Fgallery%2Fgalerija%2Fistovar.jpg&amp;h=230&amp;q=90&amp;f=.jpg\" alt=\"istovar\" width=\"345\" height=\"230\" \/><\/a><p class=\"jig-HTMLdescription\">istovar<\/p><\/li><li><a href=\"https:\/\/www.finnpneumatic.com\/wp-content\/gallery\/galerija\/utovar.jpg\" title=\"utovar\"><img decoding=\"async\" src=\"https:\/\/www.finnpneumatic.com\/wp-content\/plugins\/justified-image-grid\/timthumb.php?src=https%3A%2F%2Fwww.finnpneumatic.com%2Fwp-content%2Fgallery%2Fgalerija%2Futovar.jpg&amp;h=230&amp;q=90&amp;f=.jpg\" alt=\"utovar\" width=\"230\" height=\"230\" \/><\/a><p class=\"jig-HTMLdescription\">utovar<\/p><\/li><li><a href=\"https:\/\/www.finnpneumatic.com\/wp-content\/gallery\/galerija\/centtalni-sistem-Model.jpg\"><img decoding=\"async\" src=\"https:\/\/www.finnpneumatic.com\/wp-content\/plugins\/justified-image-grid\/timthumb.php?src=https%3A%2F%2Fwww.finnpneumatic.com%2Fwp-content%2Fgallery%2Fgalerija%2Fcenttalni-sistem-Model.jpg&amp;h=230&amp;q=90&amp;f=.jpg\" alt=\"centtalni sistem-Model\" width=\"297\" height=\"230\" \/><\/a><p class=\"jig-HTMLdescription\">centtalni sistem-Model<\/p><\/li><li><a href=\"https:\/\/www.finnpneumatic.com\/wp-content\/gallery\/galerija\/VacuumClean.jpg\" title=\"VacuumClean\"><img decoding=\"async\" src=\"https:\/\/www.finnpneumatic.com\/wp-content\/plugins\/justified-image-grid\/timthumb.php?src=https%3A%2F%2Fwww.finnpneumatic.com%2Fwp-content%2Fgallery%2Fgalerija%2FVacuumClean.jpg&amp;h=230&amp;q=90&amp;f=.jpg\" alt=\"VacuumClean\" width=\"341\" height=\"230\" \/><\/a><p class=\"jig-HTMLdescription\">VacuumClean<\/p><\/li><li><a href=\"https:\/\/www.finnpneumatic.com\/wp-content\/gallery\/galerija\/utovar-u-brodove.jpg\"><img decoding=\"async\" src=\"https:\/\/www.finnpneumatic.com\/wp-content\/plugins\/justified-image-grid\/timthumb.php?src=https%3A%2F%2Fwww.finnpneumatic.com%2Fwp-content%2Fgallery%2Fgalerija%2Futovar-u-brodove.jpg&amp;h=230&amp;q=90&amp;f=.jpg\" alt=\"utovar u brodove\" width=\"344\" height=\"230\" \/><\/a><p class=\"jig-HTMLdescription\">utovar u brodove<\/p><\/li><li><a href=\"https:\/\/www.finnpneumatic.com\/wp-content\/gallery\/galerija\/DSCF2258.JPG\" title=\"DSCF2258\"><img decoding=\"async\" src=\"https:\/\/www.finnpneumatic.com\/wp-content\/plugins\/justified-image-grid\/timthumb.php?src=https%3A%2F%2Fwww.finnpneumatic.com%2Fwp-content%2Fgallery%2Fgalerija%2FDSCF2258.JPG&amp;h=230&amp;q=90&amp;f=.JPG\" alt=\"DSCF2258\" width=\"306\" height=\"230\" \/><\/a><p class=\"jig-HTMLdescription\">DSCF2258<\/p><\/li><li><a href=\"https:\/\/www.finnpneumatic.com\/wp-content\/gallery\/galerija\/DSCF2253.JPG\" title=\"DSCF2253\"><img decoding=\"async\" src=\"https:\/\/www.finnpneumatic.com\/wp-content\/plugins\/justified-image-grid\/timthumb.php?src=https%3A%2F%2Fwww.finnpneumatic.com%2Fwp-content%2Fgallery%2Fgalerija%2FDSCF2253.JPG&amp;h=230&amp;q=90&amp;f=.JPG\" alt=\"DSCF2253\" width=\"306\" height=\"230\" \/><\/a><p class=\"jig-HTMLdescription\">DSCF2253<\/p><\/li><li><a href=\"https:\/\/www.finnpneumatic.com\/wp-content\/gallery\/galerija\/DSCF2280.JPG\" title=\"DSCF2280\"><img decoding=\"async\" src=\"https:\/\/www.finnpneumatic.com\/wp-content\/plugins\/justified-image-grid\/timthumb.php?src=https%3A%2F%2Fwww.finnpneumatic.com%2Fwp-content%2Fgallery%2Fgalerija%2FDSCF2280.JPG&amp;h=230&amp;q=90&amp;f=.JPG\" alt=\"DSCF2280\" width=\"306\" height=\"230\" \/><\/a><p class=\"jig-HTMLdescription\">DSCF2280<\/p><\/li><li><a href=\"https:\/\/www.finnpneumatic.com\/wp-content\/gallery\/galerija\/Dvokraki-ventil.JPG\"><img decoding=\"async\" src=\"https:\/\/www.finnpneumatic.com\/wp-content\/plugins\/justified-image-grid\/timthumb.php?src=https%3A%2F%2Fwww.finnpneumatic.com%2Fwp-content%2Fgallery%2Fgalerija%2FDvokraki-ventil.JPG&amp;h=230&amp;q=90&amp;f=.JPG\" alt=\"Dvokraki ventil\" width=\"306\" height=\"230\" \/><\/a><p class=\"jig-HTMLdescription\">Dvokraki ventil<\/p><\/li><li><a href=\"https:\/\/www.finnpneumatic.com\/wp-content\/gallery\/galerija\/IMG_1088.JPG\" title=\"IMG_1088\"><img decoding=\"async\" src=\"https:\/\/www.finnpneumatic.com\/wp-content\/plugins\/justified-image-grid\/timthumb.php?src=https%3A%2F%2Fwww.finnpneumatic.com%2Fwp-content%2Fgallery%2Fgalerija%2FIMG_1088.JPG&amp;h=230&amp;q=90&amp;f=.JPG\" alt=\"IMG_1088\" width=\"306\" height=\"230\" \/><\/a><p class=\"jig-HTMLdescription\">IMG_1088<\/p><\/li><li><a href=\"https:\/\/www.finnpneumatic.com\/wp-content\/gallery\/galerija\/P7120810.JPG\" title=\"P7120810\"><img decoding=\"async\" src=\"https:\/\/www.finnpneumatic.com\/wp-content\/plugins\/justified-image-grid\/timthumb.php?src=https%3A%2F%2Fwww.finnpneumatic.com%2Fwp-content%2Fgallery%2Fgalerija%2FP7120810.JPG&amp;h=230&amp;q=90&amp;f=.JPG\" alt=\"OLYMPUS DIGITAL CAMERA\" width=\"172\" height=\"230\" \/><\/a><p class=\"jig-HTMLdescription\">OLYMPUS DIGITAL CAMERA<br\/>P7120810<\/p><\/li><li><a href=\"https:\/\/www.finnpneumatic.com\/wp-content\/gallery\/galerija\/P7210926.JPG\" title=\"P7210926\"><img decoding=\"async\" src=\"https:\/\/www.finnpneumatic.com\/wp-content\/plugins\/justified-image-grid\/timthumb.php?src=https%3A%2F%2Fwww.finnpneumatic.com%2Fwp-content%2Fgallery%2Fgalerija%2FP7210926.JPG&amp;h=230&amp;q=90&amp;f=.JPG\" alt=\"OLYMPUS DIGITAL CAMERA\" width=\"172\" height=\"230\" \/><\/a><p class=\"jig-HTMLdescription\">OLYMPUS DIGITAL CAMERA<br\/>P7210926<\/p><\/li><\/ul><\/noscript><\/div>\n<\/div><div class=\"fusion-clearfix\"><\/div><\/div><\/div><\/div><\/div>\n","protected":false},"excerpt":{"rendered":"","protected":false},"author":1,"featured_media":0,"parent":0,"menu_order":0,"comment_status":"closed","ping_status":"closed","template":"","meta":{"ngg_post_thumbnail":0,"footnotes":""},"class_list":["post-251","page","type-page","status-publish","hentry"],"yoast_head":"<!-- This site is optimized with the Yoast SEO plugin v23.1 - https:\/\/yoast.com\/wordpress\/plugins\/seo\/ -->\n<title>Gallery - Finnpneumatic Srbija<\/title>\n<meta name=\"robots\" content=\"index, follow, max-snippet:-1, max-image-preview:large, max-video-preview:-1\" \/>\n<link rel=\"canonical\" href=\"https:\/\/www.finnpneumatic.com\/en\/gallery\/\" \/>\n<meta property=\"og:locale\" content=\"en_US\" \/>\n<meta property=\"og:type\" content=\"article\" \/>\n<meta property=\"og:title\" content=\"Gallery - Finnpneumatic Srbija\" \/>\n<meta property=\"og:url\" content=\"https:\/\/www.finnpneumatic.com\/en\/gallery\/\" \/>\n<meta property=\"og:site_name\" content=\"Finnpneumatic Srbija\" \/>\n<meta property=\"article:publisher\" content=\"https:\/\/www.facebook.com\/finnpneumatic\" \/>\n<meta property=\"article:modified_time\" content=\"2017-08-08T12:19:22+00:00\" \/>\n<meta name=\"twitter:card\" content=\"summary_large_image\" \/>\n<meta name=\"twitter:label1\" content=\"Est. reading time\" \/>\n\t<meta name=\"twitter:data1\" content=\"1 minute\" \/>\n<script type=\"application\/ld+json\" class=\"yoast-schema-graph\">{\"@context\":\"https:\/\/schema.org\",\"@graph\":[{\"@type\":\"WebPage\",\"@id\":\"https:\/\/www.finnpneumatic.com\/en\/gallery\/\",\"url\":\"https:\/\/www.finnpneumatic.com\/en\/gallery\/\",\"name\":\"Gallery - Finnpneumatic Srbija\",\"isPartOf\":{\"@id\":\"https:\/\/www.finnpneumatic.com\/#website\"},\"datePublished\":\"2017-07-30T21:29:52+00:00\",\"dateModified\":\"2017-08-08T12:19:22+00:00\",\"breadcrumb\":{\"@id\":\"https:\/\/www.finnpneumatic.com\/en\/gallery\/#breadcrumb\"},\"inLanguage\":\"en-US\",\"potentialAction\":[{\"@type\":\"ReadAction\",\"target\":[\"https:\/\/www.finnpneumatic.com\/en\/gallery\/\"]}]},{\"@type\":\"BreadcrumbList\",\"@id\":\"https:\/\/www.finnpneumatic.com\/en\/gallery\/#breadcrumb\",\"itemListElement\":[{\"@type\":\"ListItem\",\"position\":1,\"name\":\"Home\",\"item\":\"https:\/\/www.finnpneumatic.com\/en\/\"},{\"@type\":\"ListItem\",\"position\":2,\"name\":\"Gallery\"}]},{\"@type\":\"WebSite\",\"@id\":\"https:\/\/www.finnpneumatic.com\/#website\",\"url\":\"https:\/\/www.finnpneumatic.com\/\",\"name\":\"Finnpneumatic Srbija\",\"description\":\"Transport rasutog materijala i otpra\u0161ivanje u veoma zaga\u0111enim industrijskim pogonima\",\"publisher\":{\"@id\":\"https:\/\/www.finnpneumatic.com\/#organization\"},\"potentialAction\":[{\"@type\":\"SearchAction\",\"target\":{\"@type\":\"EntryPoint\",\"urlTemplate\":\"https:\/\/www.finnpneumatic.com\/?s={search_term_string}\"},\"query-input\":\"required name=search_term_string\"}],\"inLanguage\":\"en-US\"},{\"@type\":\"Organization\",\"@id\":\"https:\/\/www.finnpneumatic.com\/#organization\",\"name\":\"Finnpneumatic\",\"url\":\"https:\/\/www.finnpneumatic.com\/\",\"logo\":{\"@type\":\"ImageObject\",\"inLanguage\":\"en-US\",\"@id\":\"https:\/\/www.finnpneumatic.com\/#\/schema\/logo\/image\/\",\"url\":\"https:\/\/www.finnpneumatic.com\/wp-content\/uploads\/2017\/07\/finnpneumatic-logo-big.png\",\"contentUrl\":\"https:\/\/www.finnpneumatic.com\/wp-content\/uploads\/2017\/07\/finnpneumatic-logo-big.png\",\"width\":407,\"height\":421,\"caption\":\"Finnpneumatic\"},\"image\":{\"@id\":\"https:\/\/www.finnpneumatic.com\/#\/schema\/logo\/image\/\"},\"sameAs\":[\"https:\/\/www.facebook.com\/finnpneumatic\",\"https:\/\/www.youtube.com\/channel\/UCwTIkpNwl3ysTW2XEjLGSKg\"]}]}<\/script>\n<!-- \/ Yoast SEO plugin. -->","yoast_head_json":{"title":"Gallery - Finnpneumatic Srbija","robots":{"index":"index","follow":"follow","max-snippet":"max-snippet:-1","max-image-preview":"max-image-preview:large","max-video-preview":"max-video-preview:-1"},"canonical":"https:\/\/www.finnpneumatic.com\/en\/gallery\/","og_locale":"en_US","og_type":"article","og_title":"Gallery - Finnpneumatic Srbija","og_url":"https:\/\/www.finnpneumatic.com\/en\/gallery\/","og_site_name":"Finnpneumatic Srbija","article_publisher":"https:\/\/www.facebook.com\/finnpneumatic","article_modified_time":"2017-08-08T12:19:22+00:00","twitter_card":"summary_large_image","twitter_misc":{"Est. reading time":"1 minute"},"schema":{"@context":"https:\/\/schema.org","@graph":[{"@type":"WebPage","@id":"https:\/\/www.finnpneumatic.com\/en\/gallery\/","url":"https:\/\/www.finnpneumatic.com\/en\/gallery\/","name":"Gallery - Finnpneumatic Srbija","isPartOf":{"@id":"https:\/\/www.finnpneumatic.com\/#website"},"datePublished":"2017-07-30T21:29:52+00:00","dateModified":"2017-08-08T12:19:22+00:00","breadcrumb":{"@id":"https:\/\/www.finnpneumatic.com\/en\/gallery\/#breadcrumb"},"inLanguage":"en-US","potentialAction":[{"@type":"ReadAction","target":["https:\/\/www.finnpneumatic.com\/en\/gallery\/"]}]},{"@type":"BreadcrumbList","@id":"https:\/\/www.finnpneumatic.com\/en\/gallery\/#breadcrumb","itemListElement":[{"@type":"ListItem","position":1,"name":"Home","item":"https:\/\/www.finnpneumatic.com\/en\/"},{"@type":"ListItem","position":2,"name":"Gallery"}]},{"@type":"WebSite","@id":"https:\/\/www.finnpneumatic.com\/#website","url":"https:\/\/www.finnpneumatic.com\/","name":"Finnpneumatic Srbija","description":"Transport rasutog materijala i otpra\u0161ivanje u veoma zaga\u0111enim industrijskim pogonima","publisher":{"@id":"https:\/\/www.finnpneumatic.com\/#organization"},"potentialAction":[{"@type":"SearchAction","target":{"@type":"EntryPoint","urlTemplate":"https:\/\/www.finnpneumatic.com\/?s={search_term_string}"},"query-input":"required name=search_term_string"}],"inLanguage":"en-US"},{"@type":"Organization","@id":"https:\/\/www.finnpneumatic.com\/#organization","name":"Finnpneumatic","url":"https:\/\/www.finnpneumatic.com\/","logo":{"@type":"ImageObject","inLanguage":"en-US","@id":"https:\/\/www.finnpneumatic.com\/#\/schema\/logo\/image\/","url":"https:\/\/www.finnpneumatic.com\/wp-content\/uploads\/2017\/07\/finnpneumatic-logo-big.png","contentUrl":"https:\/\/www.finnpneumatic.com\/wp-content\/uploads\/2017\/07\/finnpneumatic-logo-big.png","width":407,"height":421,"caption":"Finnpneumatic"},"image":{"@id":"https:\/\/www.finnpneumatic.com\/#\/schema\/logo\/image\/"},"sameAs":["https:\/\/www.facebook.com\/finnpneumatic","https:\/\/www.youtube.com\/channel\/UCwTIkpNwl3ysTW2XEjLGSKg"]}]}},"_links":{"self":[{"href":"https:\/\/www.finnpneumatic.com\/en\/wp-json\/wp\/v2\/pages\/251"}],"collection":[{"href":"https:\/\/www.finnpneumatic.com\/en\/wp-json\/wp\/v2\/pages"}],"about":[{"href":"https:\/\/www.finnpneumatic.com\/en\/wp-json\/wp\/v2\/types\/page"}],"author":[{"embeddable":true,"href":"https:\/\/www.finnpneumatic.com\/en\/wp-json\/wp\/v2\/users\/1"}],"replies":[{"embeddable":true,"href":"https:\/\/www.finnpneumatic.com\/en\/wp-json\/wp\/v2\/comments?post=251"}],"version-history":[{"count":1,"href":"https:\/\/www.finnpneumatic.com\/en\/wp-json\/wp\/v2\/pages\/251\/revisions"}],"predecessor-version":[{"id":325,"href":"https:\/\/www.finnpneumatic.com\/en\/wp-json\/wp\/v2\/pages\/251\/revisions\/325"}],"wp:attachment":[{"href":"https:\/\/www.finnpneumatic.com\/en\/wp-json\/wp\/v2\/media?parent=251"}],"curies":[{"name":"wp","href":"https:\/\/api.w.org\/{rel}","templated":true}]}}